{"id":7,"date":"2024-07-31T14:30:05","date_gmt":"2024-07-31T14:30:05","guid":{"rendered":"https:\/\/lirabroker.cl\/?page_id=7"},"modified":"2024-08-05T21:56:34","modified_gmt":"2024-08-05T21:56:34","slug":"inicio","status":"publish","type":"page","link":"https:\/\/lirabroker.cl\/","title":{"rendered":"Inicio"},"content":{"rendered":"<section class=\"l-section wpb_row height_auto width_full\"><div class=\"l-section-h i-cf\"><div class=\"g-cols vc_row via_grid cols_1 laptops-cols_inherit tablets-cols_inherit mobiles-cols_1 valign_top type_default stacking_default\"><div class=\"wpb_column vc_column_container\"><div class=\"vc_column-inner\">\n\t\t\t\t<p class=\"rs-p-wp-fix\"><\/p>\n\t\t\t\t<sr7-module data-alias=\"Lirabrokers\" data-id=\"1\" id=\"SR7_1_1\" class=\"rs-ov-hidden\" data-version=\"6.7.14\">\n\t\t\t\t\t<sr7-adjuster><\/sr7-adjuster>\n\t\t\t\t\t<sr7-content>\n\t\t\t\t\t\t<sr7-slide id=\"SR7_1_1-7\" data-key=\"7\">\n\t\t\t\t\t\t\t<sr7-bg id=\"SR7_1_1-7-6\" class=\"sr7-layer\"><noscript><img decoding=\"async\" src=\"https:\/\/lirabroker.cl\/wp-content\/uploads\/2024\/07\/lirabrokers-slider-02.jpg\" alt=\"\" title=\"lirabrokers-slider-02\"><\/noscript><\/sr7-bg>\n\t\t\t\t\t\t\t<sr7-txt id=\"SR7_1_1-7-2\" class=\"sr7-layer\">La \u00e9tica define<br> nuestras acciones\u2026<\/sr7-txt>\n\t\t\t\t\t\t<\/sr7-slide>\n\t\t\t\t\t\t<sr7-slide id=\"SR7_1_1-6\" data-key=\"6\">\n\t\t\t\t\t\t\t<sr7-txt id=\"SR7_1_1-6-2\" class=\"sr7-layer\">La integridad gu\u00eda <br>nuestras decisiones\u2026<\/sr7-txt>\n\t\t\t\t\t\t<\/sr7-slide>\n\t\t\t\t\t\t<sr7-slide id=\"SR7_1_1-4\" data-key=\"4\">\n\t\t\t\t\t\t\t<sr7-bg id=\"SR7_1_1-4-6\" class=\"sr7-layer\"><noscript><img decoding=\"async\" src=\"https:\/\/lirabroker.cl\/wp-content\/uploads\/2024\/07\/lirabrokers-slider-01.jpg\" alt=\"\" title=\"lirabrokers-slider-01\"><\/noscript><\/sr7-bg>\n\t\t\t\t\t\t\t<sr7-txt id=\"SR7_1_1-4-2\" class=\"sr7-layer\">La cercan\u00eda y la confianza<br> construyen el \u00c9xito<\/sr7-txt>\n\t\t\t\t\t\t<\/sr7-slide>\n\t\t\t\t\t\t<sr7-slide id=\"SR7_1_1-5\" data-key=\"5\">\n\t\t\t\t\t\t<\/sr7-slide>\n\t\t\t\t\t<\/sr7-content>\n\t\t\t\t\t<image_lists style=\"display:none\">\n\t\t\t\t\t\t<img data-src=\"\/\/lirabroker.cl\/wp-content\/uploads\/2024\/07\/lirabrokers-slider-01.jpg\" data-libid=\"35\" data-lib=\"medialibrary\" title=\"lirabrokers-slider-01\" width=\"0\" height=\"0\" data-dbsrc=\"Ly9saXJhYnJva2VyLmNsL3dwLWNvbnRlbnQvdXBsb2Fkcy8yMDI0LzA3L2xpcmFicm9rZXJzLXNsaWRlci0wMS5qcGc=\"\/>\n\t\t\t\t\t\t<img data-src=\"\/\/lirabroker.cl\/wp-content\/uploads\/2024\/07\/lirabrokers-slider-02.jpg\" data-libid=\"36\" data-lib=\"medialibrary\" title=\"lirabrokers-slider-02\" width=\"0\" height=\"0\" data-dbsrc=\"Ly9saXJhYnJva2VyLmNsL3dwLWNvbnRlbnQvdXBsb2Fkcy8yMDI0LzA3L2xpcmFicm9rZXJzLXNsaWRlci0wMi5qcGc=\"\/>\n\t\t\t\t\t<\/image_lists>\n\t\t\t\t<\/sr7-module>\n\t\t\t\t<script>\n\t\t\t\t\tSR7.PMH ??={}; SR7.PMH[\"SR7_1_1\"] = {cn:0,state:false,fn: function() { if (_tpt!==undefined && _tpt.prepareModuleHeight !== undefined) {  _tpt.prepareModuleHeight({id:\"SR7_1_1\",el:[768,768,768,960,720],type:'standard',shdw:'0',gh:[768,768,768,960,720],gw:[1240,1240,1024,778,480],vpt:['100px&#039;,&#039;100px&#039;,&#039;100px&#039;,&#039;100px&#039;,&#039;100px'],size:{fullWidth:false, fullHeight:false},mh:'0',onh:0,onw:300,bg:{color:'{\"type\":\"solid\",\"orig\":\"#1f1d24\",\"string\":\"rgba(31, 29, 36, 1)\"}'},plType:'2',plColor:'#FFFFFF'});   SR7.PMH[\"SR7_1_1\"].state=true;} else if((SR7.PMH[\"SR7_1_1\"].cn++)<100)\tsetTimeout( SR7.PMH[\"SR7_1_1\"].fn,19);}};SR7.PMH[\"SR7_1_1\" ].fn();\n\t\t\t\t<\/script>\n<\/div><\/div><\/div><\/div><\/section><section class=\"l-section wpb_row us_custom_7d3cb1bf height_auto color_primary with_shape\"><div class=\"l-section-shape type_triangle-2 pos_bottom\" style=\"height:20vh;\"><svg xmlns=\"http:\/\/www.w3.org\/2000\/svg\" viewBox=\"0 0 64 8\" preserveAspectRatio=\"none\" width=\"100%\" height=\"100%\">\r\n\t<path fill=\"currentColor\" d=\"M64 8 L0 8 L0 0 L48 7.9 L64 0 Z\"\/>\r\n<\/svg><\/div><div class=\"l-section-h i-cf\"><div class=\"g-cols vc_row via_grid cols_2 laptops-cols_inherit tablets-cols_1 mobiles-cols_1 valign_top type_default stacking_default\" style=\"--gap:0rem;\"><div class=\"wpb_column vc_column_container us_custom_43292ea5 hide_on_tablets hide_on_mobiles\"><div class=\"vc_column-inner\"><div class=\"w-separator size_custom\" style=\"height:9.3vmax\"><\/div><div class=\"w-image us_custom_af64bd46 has_ratio align_none\"><div class=\"w-image-h\"><div style=\"padding-bottom:100%\"><\/div><img fetchpriority=\"high\" decoding=\"async\" width=\"1024\" height=\"1024\" src=\"https:\/\/lirabroker.cl\/wp-content\/uploads\/2024\/07\/Lirabrokers-Quienes-Somos.jpg\" class=\"attachment-large size-large\" alt=\"\" loading=\"eager\" srcset=\"https:\/\/lirabroker.cl\/wp-content\/uploads\/2024\/07\/Lirabrokers-Quienes-Somos.jpg 1024w, https:\/\/lirabroker.cl\/wp-content\/uploads\/2024\/07\/Lirabrokers-Quienes-Somos-300x300.jpg 300w, https:\/\/lirabroker.cl\/wp-content\/uploads\/2024\/07\/Lirabrokers-Quienes-Somos-150x150.jpg 150w\" sizes=\"(max-width: 1024px) 100vw, 1024px\" \/><\/div><\/div><\/div><\/div><div class=\"wpb_column vc_column_container\"><div class=\"vc_column-inner\"><div class=\"w-separator size_custom\" style=\"height:9.3vmax\" id=\"n2e1\"><style>@media(max-width:984px){ #n2e1{height:7vmax!important}}@media(max-width:584px){ #n2e1{height:7vmax!important}}<\/style><\/div><p class=\"w-text us_custom_e6229830 has_text_color icon_atleft\" id=\"Empresa\"><span class=\"w-text-h\"><i class=\"fas fa-angle-double-right\"><\/i><span class=\"w-text-value\">Empresa<\/span><\/span><\/p><div class=\"w-separator us_custom_d917e848 has_text_color size_custom with_line width_default thick_1 style_solid color_text align_center\" style=\"height:30px\"><div class=\"w-separator-h\"><\/div><\/div><div class=\"wpb_text_column\"><div class=\"wpb_wrapper\"><p>Somos una empresa compuesta por ejecutivos con m\u00e1s de 25 a\u00f1os de experiencia profesional en el rubro financiero, AGFs, Bancos, AFPs y Corredoras de Bolsa as\u00ed como tambi\u00e9n Telco y Tecnolog\u00eda.<\/p>\n<p>Tenemos un amplio conocimiento en gesti\u00f3n de patrimonios de inversi\u00f3n y asesor\u00edas financieras, buscando generar relaciones de confianza y de largo plazo.<\/p>\n<p>Mantenemos una arquitectura abierta e independiente, con el objetivo de poder entregar un servicio profesional y seg\u00fan las necesidades de nuestros clientes.<\/p>\n<\/div><\/div><\/div><\/div><\/div><\/div><\/section><!-- Row Backgrounds --><div class=\"upb_color\" data-bg-override=\"0\" data-bg-color=\"#253239\" data-fadeout=\"\" data-fadeout-percentage=\"30\" data-parallax-content=\"\" data-parallax-content-sense=\"30\" data-row-effect-mobile-disable=\"true\" data-img-parallax-mobile-disable=\"true\" data-rtl=\"false\"  data-custom-vc-row=\"\"  data-vc=\"7.7.2\"  data-is_old_vc=\"\"  data-theme-support=\"\"   data-overlay=\"false\" data-overlay-color=\"\" data-overlay-pattern=\"\" data-overlay-pattern-opacity=\"\" data-overlay-pattern-size=\"\"    ><\/div><section class=\"l-section wpb_row us_custom_147d8c64 height_auto with_shape\" id=\"Valores\"><div class=\"l-section-shape type_custom pos_bottom\" style=\"height:7.30vmax;color:var(--color-content-bg-alt)\"><svg xmlns=\"http:\/\/www.w3.org\/2000\/svg\" viewBox=\"0 0 64 8\" preserveAspectRatio=\"none\" width=\"100%\" height=\"100%\">\r\n\t<path fill=\"currentColor\" d=\"M64 8 L0 8 L0 0 L64 0 Z\"\/>\r\n<\/svg><\/div><div class=\"l-section-h i-cf\"><div class=\"g-cols vc_row via_grid cols_1-3 laptops-cols_1-2 tablets-cols_1 mobiles-cols_1 valign_top type_default stacking_default\" style=\"--gap:1rem;\"><div class=\"wpb_column vc_column_container us_custom_8941bddd\"><div class=\"vc_column-inner\"><p class=\"w-text us_custom_b3ce2b68 has_text_color icon_atleft\" id=\"Empresa\"><span class=\"w-text-h\"><i class=\"fas fa-angle-double-right\"><\/i><span class=\"w-text-value\">Valores<\/span><\/span><\/p><\/div><\/div><div class=\"wpb_column vc_column_container us_custom_fd2a0c88 has_bg_color\"><div class=\"vc_column-inner\"><div class=\"w-iconbox iconpos_left style_default color_primary align_left\"><div class=\"w-iconbox-icon\" style=\"font-size:30px;\"><i class=\"fas fa-eye\"><\/i><\/div><div class=\"w-iconbox-meta\"><p class=\"w-iconbox-title\"><b>\u00c9tica<\/b><\/p><div class=\"w-iconbox-text\"><p>Es la base real de nuestro trabajo y el pilar sobre el cual cimentamos nuestras relaciones.<\/p>\n<\/div><\/div><\/div><div class=\"w-separator us_custom_8da7fa06 has_text_color size_custom with_line width_default thick_1 style_solid color_text align_center\" style=\"height:30px\"><div class=\"w-separator-h\"><\/div><\/div><div class=\"w-iconbox iconpos_left style_default color_primary align_left\"><div class=\"w-iconbox-icon\" style=\"font-size:30px;\"><i class=\"fas fa-shield-check\"><\/i><\/div><div class=\"w-iconbox-meta\"><p class=\"w-iconbox-title\"><b>Integridad<\/b><\/p><div class=\"w-iconbox-text\"><p>La honestidad y la coherencia son los valores que gu\u00edan nuestras acciones y decisiones.<\/p>\n<\/div><\/div><\/div><div class=\"w-separator us_custom_8da7fa06 has_text_color size_custom with_line width_default thick_1 style_solid color_text align_center\" style=\"height:30px\"><div class=\"w-separator-h\"><\/div><\/div><div class=\"w-iconbox iconpos_left style_default color_primary align_left\"><div class=\"w-iconbox-icon\" style=\"font-size:30px;\"><i class=\"fas fa-handshake\"><\/i><\/div><div class=\"w-iconbox-meta\"><p class=\"w-iconbox-title\"><b>Confianza<\/b><\/p><div class=\"w-iconbox-text\"><p>Nuestras acciones se basan en relaciones de confianza con nuestros clientes.<\/p>\n<\/div><\/div><\/div><\/div><\/div><\/div><\/div><\/section><section class=\"l-section wpb_row height_auto\"><div class=\"l-section-overlay\" style=\"background:#253239\"><\/div><div class=\"l-section-h i-cf\"><div class=\"g-cols vc_row via_grid cols_1 laptops-cols_inherit tablets-cols_inherit mobiles-cols_1 valign_top type_default stacking_default\"><div class=\"wpb_column vc_column_container\"><div class=\"vc_column-inner\"><div class=\"w-separator size_huge\"><\/div><\/div><\/div><\/div><\/div><\/section><section class=\"l-section wpb_row us_custom_315b8835 height_auto with_shape\" id=\"Servicios\"><div class=\"l-section-overlay\" style=\"background:#253239\"><\/div><div class=\"l-section-shape type_custom pos_bottom\" style=\"height:7.30vmax;color:var(--color-content-bg-alt)\"><svg xmlns=\"http:\/\/www.w3.org\/2000\/svg\" viewBox=\"0 0 64 8\" preserveAspectRatio=\"none\" width=\"100%\" height=\"100%\">\r\n\t<path fill=\"currentColor\" d=\"M64 8 L0 8 L0 0 L64 0 Z\"\/>\r\n<\/svg><\/div><div class=\"l-section-h i-cf\"><div class=\"g-cols vc_row via_grid cols_1-3 laptops-cols_1-2 tablets-cols_1 mobiles-cols_1 valign_top type_default stacking_default\" style=\"--gap:1rem;\"><div class=\"wpb_column vc_column_container us_custom_8941bddd\"><div class=\"vc_column-inner\"><p class=\"w-text us_custom_b3ce2b68 has_text_color icon_atleft\" id=\"Empresa\"><span class=\"w-text-h\"><i class=\"fas fa-angle-double-right\"><\/i><span class=\"w-text-value\">Servicios<\/span><\/span><\/p><\/div><\/div><div class=\"wpb_column vc_column_container us_custom_d532a764 has_bg_color\"><div class=\"vc_column-inner\"><div class=\"w-iconbox iconpos_left style_default color_primary align_left\"><div class=\"w-iconbox-icon\" style=\"font-size:30px;\"><i class=\"fas fa-hands-usd\"><\/i><\/div><div class=\"w-iconbox-meta\"><p class=\"w-iconbox-title\"><b>Planificaci\u00f3n patrimonial<\/b><\/p><div class=\"w-iconbox-text\"><p>Muchos de nuestros clientes requieren planificar no solo sus inversiones, sino tambi\u00e9n proyectar flujos estimados futuros, realizar cambios estructurales o planificar procesos de herencias.<\/p>\n<\/div><\/div><\/div><div class=\"w-separator us_custom_8da7fa06 has_text_color size_custom with_line width_default thick_1 style_solid color_text align_center\" style=\"height:30px\"><div class=\"w-separator-h\"><\/div><\/div><div class=\"w-iconbox iconpos_left style_default color_primary align_left\"><div class=\"w-iconbox-icon\" style=\"font-size:30px;\"><i class=\"fas fa-comment-edit\"><\/i><\/div><div class=\"w-iconbox-meta\"><p class=\"w-iconbox-title\"><b>Asesor\u00eda personalizada en inversiones<\/b><\/p><div class=\"w-iconbox-text\"><p>Tenemos una amplia experiencia laboral, lo que nos permite asesorar a nuestros clientes en forma amplia y transversal, buscando gestionar los patrimonios de acuerdo a la realidad de cada uno, evaluando las distintas alternativas de inversi\u00f3n y entendiendo las necesidades y el horizonte de cada cliente.<\/p>\n<\/div><\/div><\/div><\/div><\/div><\/div><\/div><\/section><section class=\"l-section wpb_row height_small\" id=\"Quienes-Somos\"><div class=\"l-section-h i-cf\"><div class=\"g-cols vc_row via_grid cols_1 laptops-cols_1-2 tablets-cols_1 mobiles-cols_1 valign_top type_default stacking_default\" style=\"--gap:1rem;\"><div class=\"wpb_column vc_column_container us_custom_aece57f8\"><div class=\"vc_column-inner\"><div class=\"w-separator size_large\"><\/div><div class=\"g-cols wpb_row via_grid cols_1 laptops-cols_inherit tablets-cols_2 mobiles-cols_1 valign_top type_default stacking_default\" style=\"--gap:3rem;\"><div class=\"wpb_column vc_column_container us_custom_4c347521\"><div class=\"vc_column-inner\"><p class=\"w-text us_custom_b3ce2b68 has_text_color icon_atleft\" id=\"Quienes-Somos\"><span class=\"w-text-h\"><i class=\"fas fa-angle-double-right\"><\/i><span class=\"w-text-value\">Quienes Somos<\/span><\/span><\/p><\/div><\/div><\/div><div class=\"w-separator size_large\"><\/div><div class=\"g-cols wpb_row via_grid cols_4 laptops-cols_inherit tablets-cols_inherit mobiles-cols_1 valign_top type_default stacking_default\" style=\"--gap:3rem;\"><div class=\"wpb_column vc_column_container\"><div class=\"vc_column-inner\"><p class=\"w-text us_custom_b11006cd has_text_color\" id=\"Empresa\"><span class=\"w-text-h\"><span class=\"w-text-value\">Eduardo Palacios Osterloh<\/span><\/span><\/p><div class=\"w-separator size_custom with_line width_default thick_1 style_solid color_border align_center with_content\" style=\"height:20px\"><div class=\"w-separator-h\"><i class=\"fas fa-chevron-down\"><\/i><\/div><\/div><p class=\"w-text us_custom_2f2f7df9\" id=\"Empresa\"><span class=\"w-text-h\"><span class=\"w-text-value\">Ingeniero Civil Industrial y Sistemas UGM<\/span><\/span><\/p><\/div><\/div><div class=\"wpb_column vc_column_container\"><div class=\"vc_column-inner\"><p class=\"w-text us_custom_b11006cd has_text_color\" id=\"Empresa\"><span class=\"w-text-h\"><span class=\"w-text-value\">Andr\u00e9s Mujica Ort\u00fazar<\/span><\/span><\/p><div class=\"w-separator size_custom with_line width_default thick_1 style_solid color_border align_center with_content\" style=\"height:20px\"><div class=\"w-separator-h\"><i class=\"fas fa-chevron-down\"><\/i><\/div><\/div><p class=\"w-text us_custom_2f2f7df9\" id=\"Empresa\"><span class=\"w-text-h\"><span class=\"w-text-value\">Ingeniero Comercial, MBA UAI, Magister en Estrategia Comercial PUC<\/span><\/span><\/p><\/div><\/div><div class=\"wpb_column vc_column_container\"><div class=\"vc_column-inner\"><p class=\"w-text us_custom_b11006cd has_text_color\" id=\"Empresa\"><span class=\"w-text-h\"><span class=\"w-text-value\">Monica Fuentes Quiroz<\/span><\/span><\/p><div class=\"w-separator size_custom with_line width_default thick_1 style_solid color_border align_center with_content\" style=\"height:20px\"><div class=\"w-separator-h\"><i class=\"fas fa-chevron-down\"><\/i><\/div><\/div><p class=\"w-text us_custom_748349f4\" id=\"Empresa\"><span class=\"w-text-h\"><span class=\"w-text-value\">Asistente de Operaciones<\/span><\/span><\/p><div class=\"w-iconbox iconpos_left style_circle color_primary align_center no_text\"><a href=\"tel:+56993263897\" class=\"w-iconbox-link\" aria-label=\"+569 932 63897\"><div class=\"w-iconbox-icon\" style=\"font-size:15px;\"><i class=\"fas fa-mobile-alt\"><\/i><\/div><\/a><div class=\"w-iconbox-meta\"><a href=\"tel:+56993263897\" class=\"w-iconbox-link\" aria-label=\"+569 932 63897\"><p class=\"w-iconbox-title\">+569 932 63897<\/p><\/a><\/div><\/div><\/div><\/div><div class=\"wpb_column vc_column_container\"><div class=\"vc_column-inner\"><p class=\"w-text us_custom_b11006cd has_text_color\" id=\"Empresa\"><span class=\"w-text-h\"><span class=\"w-text-value\">Victoria Donoso Ulloa<\/span><\/span><\/p><div class=\"w-separator size_custom with_line width_default thick_1 style_solid color_border align_center with_content\" style=\"height:20px\"><div class=\"w-separator-h\"><i class=\"fas fa-chevron-down\"><\/i><\/div><\/div><p class=\"w-text us_custom_748349f4\" id=\"Empresa\"><span class=\"w-text-h\"><span class=\"w-text-value\">Asistente de Operaciones<\/span><\/span><\/p><div class=\"w-iconbox iconpos_left style_circle color_primary align_center no_text\"><a href=\"tel:+56993263503\" class=\"w-iconbox-link\" aria-label=\"+569 9326 3503\"><div class=\"w-iconbox-icon\" style=\"font-size:15px;\"><i class=\"fas fa-mobile-alt\"><\/i><\/div><\/a><div class=\"w-iconbox-meta\"><a href=\"tel:+56993263503\" class=\"w-iconbox-link\" aria-label=\"+569 9326 3503\"><p class=\"w-iconbox-title\">+569 9326 3503<\/p><\/a><\/div><\/div><\/div><\/div><\/div><div class=\"w-separator size_large\"><\/div><\/div><\/div><\/div><\/div><\/section><section class=\"l-section wpb_row height_auto\" id=\"Contacto\"><div class=\"l-section-overlay\" style=\"background:#253239\"><\/div><div class=\"l-section-h i-cf\"><div class=\"g-cols vc_row via_grid cols_1 laptops-cols_inherit tablets-cols_1 mobiles-cols_1 valign_top type_default stacking_default\" style=\"--gap:0rem;\"><div class=\"wpb_column vc_column_container us_custom_8f4479a9\"><div class=\"vc_column-inner\"><div class=\"g-cols wpb_row via_grid cols_2-1 laptops-cols_inherit tablets-cols_inherit mobiles-cols_1 valign_middle type_default stacking_default\" style=\"--gap:10px;\"><div class=\"wpb_column vc_column_container us_custom_9620ae25 has_bg_color\"><div class=\"vc_column-inner\"><div class=\"w-separator size_medium\"><\/div><p class=\"w-text us_custom_4149e665 has_text_color icon_atleft\" id=\"Quienes-Somos\"><span class=\"w-text-h\"><i class=\"fas fa-angle-double-right\"><\/i><span class=\"w-text-value\">Contacto<\/span><\/span><\/p><form class=\"w-form  us_custom_9fe7ca44 layout_ver for_cform us_form_1\" autocomplete=\"off\" action=\"https:\/\/lirabroker.cl\/index.php?rest_route=%2Fwp%2Fv2%2Fpages%2F7\" method=\"post\"><div class=\"w-form-h\"><div class=\"w-form-row for_text with_icon\">\r\n\t\t<div class=\"w-form-row-field\">\r\n\t\t\t\t<i class=\"fas fa-user\"><\/i>\t\t<input aria-label=\"Nombre\" type=\"text\" name=\"us_form_1_text_1\" value placeholder=\"Nombre\"\/>\r\n\t\t\t<\/div>\r\n\t\t<div class=\"w-form-row-state\">Rellena este campo<\/div>\r\n<\/div>\r\n<div class=\"w-form-row for_email with_icon\">\r\n\t\t<div class=\"w-form-row-field\">\r\n\t\t\t\t<i class=\"fas fa-envelope\"><\/i>\t\t<input aria-label=\"Correo electr\u00f3nico\" type=\"email\" name=\"us_form_1_email_1\" value placeholder=\"Correo electr\u00f3nico\"\/>\r\n\t\t\t<\/div>\r\n\t\t<div class=\"w-form-row-state\">Por favor, introduce una direcci\u00f3n de correo electr\u00f3nico v\u00e1lida.<\/div>\r\n<\/div>\r\n<div class=\"w-form-row for_text with_icon\">\r\n\t\t<div class=\"w-form-row-field\">\r\n\t\t\t\t<i class=\"fas fa-phone-alt\"><\/i>\t\t<input aria-label=\"N\u00famero de contacto\" type=\"text\" name=\"us_form_1_text_2\" value placeholder=\"N\u00famero de contacto\"\/>\r\n\t\t\t<\/div>\r\n\t\t<div class=\"w-form-row-state\">Rellena este campo<\/div>\r\n<\/div>\r\n<div class=\"w-form-row for_textarea with_icon\">\r\n\t\t<div class=\"w-form-row-field\">\r\n\t\t\t\t<i class=\"fas fa-book-open\"><\/i>\t\t<textarea aria-label=\"Mensaje\" name=\"us_form_1_textarea_1\" placeholder=\"Mensaje\"><\/textarea>\r\n\t\t\t<\/div>\r\n\t\t<div class=\"w-form-row-state\">Rellena este campo<\/div>\r\n<\/div>\r\n<input type=\"hidden\" name=\"action\" value=\"us_ajax_cform\" \/>\r\n<input type=\"hidden\" name=\"post_id\" value=\"0\" \/>\r\n<input type=\"hidden\" name=\"form_index\" value=\"1\" \/>\r\n<div class=\"w-form-row for_submit align_none\">\r\n\t<button class=\"w-btn  us-btn-style_1\" aria-label=\"Enviar\" type=\"submit\">\r\n\t\t<span class=\"g-preloader type_1\"><\/span>\r\n\t\t\t\t<span class=\"w-btn-label\">Enviar<\/span>\r\n\t\t\t<\/button>\r\n\t<\/div>\r\n<\/div><div class=\"w-form-message\"><\/div><div class=\"w-form-json hidden\" onclick='return {&quot;ajaxurl&quot;:&quot;https:\\\/\\\/lirabroker.cl\\\/wp-admin\\\/admin-ajax.php&quot;,&quot;messages&quot;:{&quot;err_empty&quot;:&quot;Rellena este campo&quot;,&quot;err_size&quot;:&quot;El tama\\u00f1o del archivo no puede exceder %s MB&quot;,&quot;err_extension&quot;:&quot;El tipo de archivo %s no est\\u00e1 permitido&quot;}}'><\/div><\/form><div class=\"w-separator size_medium\"><\/div><\/div><\/div><div class=\"wpb_column vc_column_container us_custom_fb86bcdd has_bg_color\"><div class=\"vc_column-inner\"><\/div><\/div><\/div><div class=\"w-separator size_medium\"><\/div><div class=\"g-cols wpb_row via_grid cols_2 laptops-cols_inherit tablets-cols_inherit mobiles-cols_1 valign_top type_default stacking_default\" style=\"--gap:3rem;\"><div class=\"wpb_column vc_column_container\"><div class=\"vc_column-inner\"><div class=\"w-iconbox iconpos_top style_outlined color_primary align_center no_text\"><a href=\"mailto:eduardo.palacios@lirabroker.cl\" class=\"w-iconbox-link\" aria-label=\"eduardo.palacios@lirabroker.cl\"><div class=\"w-iconbox-icon\" style=\"font-size:20px;\"><i class=\"fas fa-envelope\"><\/i><\/div><\/a><div class=\"w-iconbox-meta\"><a href=\"mailto:eduardo.palacios@lirabroker.cl\" class=\"w-iconbox-link\" aria-label=\"eduardo.palacios@lirabroker.cl\"><p class=\"w-iconbox-title\">eduardo.palacios@lirabroker.cl<\/p><\/a><\/div><\/div><\/div><\/div><div class=\"wpb_column vc_column_container\"><div class=\"vc_column-inner\"><div class=\"w-iconbox iconpos_top style_outlined color_primary align_center no_text\"><a href=\"tel:+56984190278\" class=\"w-iconbox-link\" aria-label=\"+569 8419 0278\"><div class=\"w-iconbox-icon\" style=\"font-size:20px;\"><i class=\"fas fa-mobile-alt\"><\/i><\/div><\/a><div class=\"w-iconbox-meta\"><a href=\"tel:+56984190278\" class=\"w-iconbox-link\" aria-label=\"+569 8419 0278\"><p class=\"w-iconbox-title\">+569 8419 0278<\/p><\/a><\/div><\/div><\/div><\/div><\/div><\/div><\/div><\/div><\/div><\/section>\n","protected":false},"excerpt":{"rendered":"La \u00e9tica define nuestras acciones\u2026 La integridad gu\u00eda nuestras decisiones\u2026 La cercan\u00eda y la confianza construyen el \u00c9xito EmpresaSomos una empresa compuesta por ejecutivos con m\u00e1s de 25 a\u00f1os de experiencia profesional en el rubro financiero, AGFs, Bancos, AFPs y Corredoras de Bolsa as\u00ed como tambi\u00e9n Telco y Tecnolog\u00eda. Tenemos un amplio conocimiento en gesti\u00f3n...","protected":false},"author":1,"featured_media":0,"parent":0,"menu_order":0,"comment_status":"closed","ping_status":"closed","template":"","meta":{"footnotes":""},"class_list":["post-7","page","type-page","status-publish","hentry"],"_links":{"self":[{"href":"https:\/\/lirabroker.cl\/index.php?rest_route=\/wp\/v2\/pages\/7","targetHints":{"allow":["GET"]}}],"collection":[{"href":"https:\/\/lirabroker.cl\/index.php?rest_route=\/wp\/v2\/pages"}],"about":[{"href":"https:\/\/lirabroker.cl\/index.php?rest_route=\/wp\/v2\/types\/page"}],"author":[{"embeddable":true,"href":"https:\/\/lirabroker.cl\/index.php?rest_route=\/wp\/v2\/users\/1"}],"replies":[{"embeddable":true,"href":"https:\/\/lirabroker.cl\/index.php?rest_route=%2Fwp%2Fv2%2Fcomments&post=7"}],"version-history":[{"count":104,"href":"https:\/\/lirabroker.cl\/index.php?rest_route=\/wp\/v2\/pages\/7\/revisions"}],"predecessor-version":[{"id":165,"href":"https:\/\/lirabroker.cl\/index.php?rest_route=\/wp\/v2\/pages\/7\/revisions\/165"}],"wp:attachment":[{"href":"https:\/\/lirabroker.cl\/index.php?rest_route=%2Fwp%2Fv2%2Fmedia&parent=7"}],"curies":[{"name":"wp","href":"https:\/\/api.w.org\/{rel}","templated":true}]}}